{"id":103,"date":"2018-07-02T09:57:09","date_gmt":"2018-07-02T07:57:09","guid":{"rendered":"http:\/\/www.club-pinkygirls.de\/?page_id=103"},"modified":"2025-04-28T22:24:55","modified_gmt":"2025-04-28T20:24:55","slug":"home","status":"publish","type":"page","link":"https:\/\/magnifique.nrw\/","title":{"rendered":"Home"},"content":{"rendered":"<p><!--more--><\/p>\n<p>&nbsp;<\/p>\n<hr \/>\n<p>&nbsp;<\/p>\n<h1><\/h1>\n<p style=\"text-align: center;\"><span style=\"color: #993366;\">Wir sind und bleiben preislich loyal zu unseren G\u00e4sten <\/span><\/p>\n<p style=\"text-align: center;\"><span style=\"color: #993366;\">Die Treppe zu Deinen geheimsten Tr\u00e4umen, die in Erf\u00fcllung gehen werden&#8230;&#8230;<\/span><\/p>\n<p><img loading=\"lazy\" decoding=\"async\" class=\"size-medium wp-image-5796 aligncenter\" src=\"http:\/\/magnifique.nrw\/wp-content\/uploads\/2024\/08\/WhatsApp-Bild-2024-08-15-um-22.30.29_92feb17a-1-225x300.jpg\" alt=\"\" width=\"225\" height=\"300\" srcset=\"https:\/\/magnifique.nrw\/wp-content\/uploads\/2024\/08\/WhatsApp-Bild-2024-08-15-um-22.30.29_92feb17a-1-225x300.jpg 225w, https:\/\/magnifique.nrw\/wp-content\/uploads\/2024\/08\/WhatsApp-Bild-2024-08-15-um-22.30.29_92feb17a-1-768x1024.jpg 768w, https:\/\/magnifique.nrw\/wp-content\/uploads\/2024\/08\/WhatsApp-Bild-2024-08-15-um-22.30.29_92feb17a-1-1152x1536.jpg 1152w, https:\/\/magnifique.nrw\/wp-content\/uploads\/2024\/08\/WhatsApp-Bild-2024-08-15-um-22.30.29_92feb17a-1.jpg 1536w\" sizes=\"auto, (max-width: 225px) 100vw, 225px\" \/><\/p>\n<p>&nbsp;<\/p>\n<p style=\"text-align: center;\"><strong>Wir haben unser Konzept \u00fcberarbeitet und freuen uns auf Ihren Besuch. Im Magnifique Am alten Weserhafen 2 in Minden k\u00f6nnen Sie bezaubernde M\u00e4dels finden, um eine einzigartige Zeit zu verbringen.<\/strong><\/p>\n<p style=\"text-align: center;\"><strong>Dienstleistungen zwischen den \u00a0Zimmer anmietenden Damen und den m\u00e4nnlichen G\u00e4sten erfolgen auf eigene Rechnung der Mieterinnen. Bitte besprechen Sie die Ausgestaltung des Serviceumfangs und die Preise individuell mit der jeweiligen Mieterin.<\/strong><\/p>\n<p style=\"text-align: center;\"><strong>Schlie\u00dflich sind Sie in unserem Haus , um sich zu erholen, Alltagsprobleme zu vergessen und sich mit guter Laune und der Motivation zu verabschieden, uns sehr bald wieder zu sehen.<\/strong><\/p>\n<p style=\"text-align: center;\"><strong>Jeder Gast wird herzlich willkommen gehei\u00dfen und bekommt von unserer Hausdame die bestm\u00f6gliche Empfehlung. Auf einen guten Umgangston und ein niveauvolles Miteinander legen wir gro\u00dfen Wert.<\/strong><\/p>\n<p>&nbsp;<\/p>\n<hr style=\"font-size: 1em;\" \/>\n<p>&nbsp;<\/p>\n<p style=\"text-align: center;\"><span style=\"color: #999999;\">(*)Kondompflicht!<\/span><br \/>\n<span style=\"color: #999999;\">Jegliche Art von sexuelle Handlungen ohne Kondom ist verboten! Prostituiertenschutzgesetz \u00a732 und \u00a724. Verst\u00f6sse k\u00f6nnen mit einem Bu\u00dfgeld geahndet werden.<\/span><\/p>\n<p>&nbsp;<\/p>\n<hr \/>\n<p style=\"text-align: center;\"><iframe loading=\"lazy\" style=\"border: 0;\" tabindex=\"0\" src=\"https:\/\/www.google.com\/maps\/embed?pb=!1m18!1m12!1m3!1d2440.2466434526277!2d8.93019921579904!3d52.2933776797719!2m3!1f0!2f0!3f0!3m2!1i1024!2i768!4f13.1!3m3!1m2!1s0x47ba76a4dd0938a7%3A0x6672c58e60473d3c!2sAm%20Alten%20Weserhafen%202%2C%2032423%20Minden!5e0!3m2!1sde!2sde!4v1602580817373!5m2!1sde!2sde\" width=\"800\" height=\"600\" frameborder=\"0\" allowfullscreen=\"allowfullscreen\" aria-hidden=\"false\"><\/iframe><\/p>\n<hr \/>\n<p>&nbsp;<\/p>\n<p style=\"text-align: center;\"><span style=\"color: #999999;\">Lieber Gast! Es freut uns sehr, dass Sie uns besuchen. Nehmen Sie sich einige Minuten Zeit<\/span><br \/>\n<span style=\"color: #999999;\"> und genie\u00dfen Sie unsere verlockenden Angebote und unsere bildh\u00fcbschen Damen.<\/span><br \/>\n<span style=\"color: #999999;\"> Damen, mit denen Sie sch\u00f6ne Stunden verbringen,<\/span><br \/>\n<span style=\"color: #999999;\"> dem Alltag entfliehen und die Sie nach allen Regeln der Kunst verw\u00f6hnen k\u00f6nnen.<\/span><\/p>\n<p>&nbsp;<\/p>\n<hr \/>\n<p>&nbsp;<\/p>\n<p style=\"text-align: center;\"><span style=\"color: #999999;\"><br \/>\nNun liegt es an Ihnen: Suchen Sie sich Ihre Wunschdame aus und melden Sie sich bei uns!<br \/>\n<\/span><span style=\"color: #999999;\">Um zu erfahren, dass wir die besten sind, muss man uns testen.<\/span><br \/>\n<span style=\"color: #999999;\"> Die Dame am Telefon wird Ihnen nett und offen das beste Angebot passend zu Ihren W\u00fcnschen empfehlen.<br \/>\nCredo des Hauses &#8211; H\u00f6flichkeit, Sauberkeit, westeurop\u00e4ischer Service!<\/span><br \/>\n<span style=\"color: #999999;\">Wir bieten erstklassigen Service, Diskretion und nette, unbedingt positive Unterhaltung.<\/span><br \/>\n<span style=\"color: #999999;\">Sie werden immer h\u00f6flichst bedient und bekommen immer eine unabh\u00e4ngige Beratung<\/span><br \/>\n<span style=\"color: #999999;\"> \u00fcber alles was Sie interessieren w\u00fcrde.<\/span><br \/>\n<span style=\"color: #999999;\">W\u00e4hrend dieser Zeit trinken Sie, ohne Eile, Ihr ausgew\u00e4hltes Getr\u00e4nk.<\/span><\/p>\n<p>&nbsp;<\/p>\n","protected":false},"excerpt":{"rendered":"","protected":false},"author":1,"featured_media":0,"parent":0,"menu_order":0,"comment_status":"closed","ping_status":"closed","template":"","meta":{"footnotes":""},"class_list":["post-103","page","type-page","status-publish","hentry"],"yoast_head":"<!-- This site is optimized with the Yoast SEO plugin v25.5 - https:\/\/yoast.com\/wordpress\/plugins\/seo\/ -->\n<title>Home - Magnifique<\/title>\n<meta name=\"description\" content=\"Bordell, Sex-Service, Escort, Puff, Nutten, Huren, Prosituierte,\" \/>\n<meta name=\"robots\" content=\"index, follow, max-snippet:-1, max-image-preview:large, max-video-preview:-1\" \/>\n<link rel=\"canonical\" href=\"http:\/\/magnifique.nrw\/\" \/>\n<meta property=\"og:locale\" content=\"de_DE\" \/>\n<meta property=\"og:type\" content=\"article\" \/>\n<meta property=\"og:title\" content=\"Home - Magnifique\" \/>\n<meta property=\"og:description\" content=\"Bordell, Sex-Service, Escort, Puff, Nutten, Huren, Prosituierte,\" \/>\n<meta property=\"og:url\" content=\"http:\/\/magnifique.nrw\/\" \/>\n<meta property=\"og:site_name\" content=\"Magnifique\" \/>\n<meta property=\"article:modified_time\" content=\"2025-04-28T20:24:55+00:00\" \/>\n<meta property=\"og:image\" content=\"http:\/\/magnifique.nrw\/wp-content\/uploads\/2024\/08\/WhatsApp-Bild-2024-08-15-um-22.30.29_92feb17a-1-225x300.jpg\" \/>\n<meta name=\"twitter:card\" content=\"summary_large_image\" \/>\n<meta name=\"twitter:label1\" content=\"Gesch\u00e4tzte Lesezeit\" \/>\n\t<meta name=\"twitter:data1\" content=\"2\u00a0Minuten\" \/>\n<script type=\"application\/ld+json\" class=\"yoast-schema-graph\">{\"@context\":\"https:\/\/schema.org\",\"@graph\":[{\"@type\":\"WebPage\",\"@id\":\"http:\/\/magnifique.nrw\/\",\"url\":\"http:\/\/magnifique.nrw\/\",\"name\":\"Home - Magnifique\",\"isPartOf\":{\"@id\":\"http:\/\/magnifique.nrw\/#website\"},\"primaryImageOfPage\":{\"@id\":\"http:\/\/magnifique.nrw\/#primaryimage\"},\"image\":{\"@id\":\"http:\/\/magnifique.nrw\/#primaryimage\"},\"thumbnailUrl\":\"http:\/\/magnifique.nrw\/wp-content\/uploads\/2024\/08\/WhatsApp-Bild-2024-08-15-um-22.30.29_92feb17a-1-225x300.jpg\",\"datePublished\":\"2018-07-02T07:57:09+00:00\",\"dateModified\":\"2025-04-28T20:24:55+00:00\",\"description\":\"Bordell, Sex-Service, Escort, Puff, Nutten, Huren, Prosituierte,\",\"breadcrumb\":{\"@id\":\"http:\/\/magnifique.nrw\/#breadcrumb\"},\"inLanguage\":\"de\",\"potentialAction\":[{\"@type\":\"ReadAction\",\"target\":[\"http:\/\/magnifique.nrw\/\"]}]},{\"@type\":\"ImageObject\",\"inLanguage\":\"de\",\"@id\":\"http:\/\/magnifique.nrw\/#primaryimage\",\"url\":\"http:\/\/magnifique.nrw\/wp-content\/uploads\/2024\/08\/WhatsApp-Bild-2024-08-15-um-22.30.29_92feb17a-1-225x300.jpg\",\"contentUrl\":\"http:\/\/magnifique.nrw\/wp-content\/uploads\/2024\/08\/WhatsApp-Bild-2024-08-15-um-22.30.29_92feb17a-1-225x300.jpg\"},{\"@type\":\"BreadcrumbList\",\"@id\":\"http:\/\/magnifique.nrw\/#breadcrumb\",\"itemListElement\":[{\"@type\":\"ListItem\",\"position\":1,\"name\":\"Startseite\",\"item\":\"http:\/\/magnifique.nrw\/\"},{\"@type\":\"ListItem\",\"position\":2,\"name\":\"Home\"}]},{\"@type\":\"WebSite\",\"@id\":\"http:\/\/magnifique.nrw\/#website\",\"url\":\"http:\/\/magnifique.nrw\/\",\"name\":\"Magnifique\",\"description\":\"\",\"potentialAction\":[{\"@type\":\"SearchAction\",\"target\":{\"@type\":\"EntryPoint\",\"urlTemplate\":\"http:\/\/magnifique.nrw\/?s={search_term_string}\"},\"query-input\":{\"@type\":\"PropertyValueSpecification\",\"valueRequired\":true,\"valueName\":\"search_term_string\"}}],\"inLanguage\":\"de\"}]}<\/script>\n<!-- \/ Yoast SEO plugin. -->","yoast_head_json":{"title":"Home - Magnifique","description":"Bordell, Sex-Service, Escort, Puff, Nutten, Huren, Prosituierte,","robots":{"index":"index","follow":"follow","max-snippet":"max-snippet:-1","max-image-preview":"max-image-preview:large","max-video-preview":"max-video-preview:-1"},"canonical":"http:\/\/magnifique.nrw\/","og_locale":"de_DE","og_type":"article","og_title":"Home - Magnifique","og_description":"Bordell, Sex-Service, Escort, Puff, Nutten, Huren, Prosituierte,","og_url":"http:\/\/magnifique.nrw\/","og_site_name":"Magnifique","article_modified_time":"2025-04-28T20:24:55+00:00","og_image":[{"url":"http:\/\/magnifique.nrw\/wp-content\/uploads\/2024\/08\/WhatsApp-Bild-2024-08-15-um-22.30.29_92feb17a-1-225x300.jpg","type":"","width":"","height":""}],"twitter_card":"summary_large_image","twitter_misc":{"Gesch\u00e4tzte Lesezeit":"2\u00a0Minuten"},"schema":{"@context":"https:\/\/schema.org","@graph":[{"@type":"WebPage","@id":"http:\/\/magnifique.nrw\/","url":"http:\/\/magnifique.nrw\/","name":"Home - Magnifique","isPartOf":{"@id":"http:\/\/magnifique.nrw\/#website"},"primaryImageOfPage":{"@id":"http:\/\/magnifique.nrw\/#primaryimage"},"image":{"@id":"http:\/\/magnifique.nrw\/#primaryimage"},"thumbnailUrl":"http:\/\/magnifique.nrw\/wp-content\/uploads\/2024\/08\/WhatsApp-Bild-2024-08-15-um-22.30.29_92feb17a-1-225x300.jpg","datePublished":"2018-07-02T07:57:09+00:00","dateModified":"2025-04-28T20:24:55+00:00","description":"Bordell, Sex-Service, Escort, Puff, Nutten, Huren, Prosituierte,","breadcrumb":{"@id":"http:\/\/magnifique.nrw\/#breadcrumb"},"inLanguage":"de","potentialAction":[{"@type":"ReadAction","target":["http:\/\/magnifique.nrw\/"]}]},{"@type":"ImageObject","inLanguage":"de","@id":"http:\/\/magnifique.nrw\/#primaryimage","url":"http:\/\/magnifique.nrw\/wp-content\/uploads\/2024\/08\/WhatsApp-Bild-2024-08-15-um-22.30.29_92feb17a-1-225x300.jpg","contentUrl":"http:\/\/magnifique.nrw\/wp-content\/uploads\/2024\/08\/WhatsApp-Bild-2024-08-15-um-22.30.29_92feb17a-1-225x300.jpg"},{"@type":"BreadcrumbList","@id":"http:\/\/magnifique.nrw\/#breadcrumb","itemListElement":[{"@type":"ListItem","position":1,"name":"Startseite","item":"http:\/\/magnifique.nrw\/"},{"@type":"ListItem","position":2,"name":"Home"}]},{"@type":"WebSite","@id":"http:\/\/magnifique.nrw\/#website","url":"http:\/\/magnifique.nrw\/","name":"Magnifique","description":"","potentialAction":[{"@type":"SearchAction","target":{"@type":"EntryPoint","urlTemplate":"http:\/\/magnifique.nrw\/?s={search_term_string}"},"query-input":{"@type":"PropertyValueSpecification","valueRequired":true,"valueName":"search_term_string"}}],"inLanguage":"de"}]}},"_links":{"self":[{"href":"https:\/\/magnifique.nrw\/index.php?rest_route=\/wp\/v2\/pages\/103","targetHints":{"allow":["GET"]}}],"collection":[{"href":"https:\/\/magnifique.nrw\/index.php?rest_route=\/wp\/v2\/pages"}],"about":[{"href":"https:\/\/magnifique.nrw\/index.php?rest_route=\/wp\/v2\/types\/page"}],"author":[{"embeddable":true,"href":"https:\/\/magnifique.nrw\/index.php?rest_route=\/wp\/v2\/users\/1"}],"replies":[{"embeddable":true,"href":"https:\/\/magnifique.nrw\/index.php?rest_route=%2Fwp%2Fv2%2Fcomments&post=103"}],"version-history":[{"count":81,"href":"https:\/\/magnifique.nrw\/index.php?rest_route=\/wp\/v2\/pages\/103\/revisions"}],"predecessor-version":[{"id":6715,"href":"https:\/\/magnifique.nrw\/index.php?rest_route=\/wp\/v2\/pages\/103\/revisions\/6715"}],"wp:attachment":[{"href":"https:\/\/magnifique.nrw\/index.php?rest_route=%2Fwp%2Fv2%2Fmedia&parent=103"}],"curies":[{"name":"wp","href":"https:\/\/api.w.org\/{rel}","templated":true}]}}