{"id":3805,"date":"2022-10-21T15:19:07","date_gmt":"2022-10-21T13:19:07","guid":{"rendered":"http:\/\/magnifique.nrw\/?page_id=3805"},"modified":"2022-10-21T15:19:07","modified_gmt":"2022-10-21T13:19:07","slug":"milva","status":"publish","type":"page","link":"http:\/\/magnifique.nrw\/?page_id=3805","title":{"rendered":"Milva"},"content":{"rendered":"<p>Alter:42 Jahre<br \/>\nGeschlecht:weiblich<br \/>\nGr\u00f6\u00dfe:160 cm<br \/>\nOberweite:85 D<br \/>\nTyp:osteurop\u00e4isch<br \/>\nKonfektionsgr\u00f6\u00dfe:36<br \/>\nIntimbereich:total rasiert<br \/>\nHaare:rot, r\u00fcckenlang, glatt<br \/>\nAugen:blau-grau<br \/>\nHaut:mittel<br \/>\nAlle Angaben ohne Gew\u00e4hr<\/p>\n<p>Mein Service<\/p>\n<p>Verkehr<br \/>\nGV<br \/>\nFranz.<br \/>\nFranz. bei Ihr<br \/>\nFranz. beidseitig<br \/>\nService f\u00fcr<br \/>\nHerren<br \/>\nService<br \/>\nSchmusen, Kuscheln<br \/>\nK\u00f6rperk\u00fcsse<br \/>\nEL<br \/>\nMast.<br \/>\nextra langes Vorspiel<br \/>\ngekonnter Striptease<br \/>\nMassagen<br \/>\nerot. Massagen<br \/>\nHE<br \/>\nIntim-Massagen<\/p>\n<p><img loading=\"lazy\" decoding=\"async\" class=\"alignleft size-medium wp-image-3806\" src=\"http:\/\/magnifique.nrw\/wp-content\/uploads\/2022\/10\/image1-201x300.jpeg\" alt=\"\" width=\"201\" height=\"300\" srcset=\"http:\/\/magnifique.nrw\/wp-content\/uploads\/2022\/10\/image1-201x300.jpeg 201w, http:\/\/magnifique.nrw\/wp-content\/uploads\/2022\/10\/image1.jpeg 402w\" sizes=\"auto, (max-width: 201px) 100vw, 201px\" \/> <img loading=\"lazy\" decoding=\"async\" class=\"alignleft size-medium wp-image-3807\" src=\"http:\/\/magnifique.nrw\/wp-content\/uploads\/2022\/10\/image5-169x300.jpeg\" alt=\"\" width=\"169\" height=\"300\" srcset=\"http:\/\/magnifique.nrw\/wp-content\/uploads\/2022\/10\/image5-169x300.jpeg 169w, http:\/\/magnifique.nrw\/wp-content\/uploads\/2022\/10\/image5-575x1024.jpeg 575w, http:\/\/magnifique.nrw\/wp-content\/uploads\/2022\/10\/image5-768x1367.jpeg 768w, http:\/\/magnifique.nrw\/wp-content\/uploads\/2022\/10\/image5-863x1536.jpeg 863w, http:\/\/magnifique.nrw\/wp-content\/uploads\/2022\/10\/image5.jpeg 899w\" sizes=\"auto, (max-width: 169px) 100vw, 169px\" \/> <img loading=\"lazy\" decoding=\"async\" class=\"alignleft size-medium wp-image-3808\" src=\"http:\/\/magnifique.nrw\/wp-content\/uploads\/2022\/10\/image2-146x300.jpeg\" alt=\"\" width=\"146\" height=\"300\" srcset=\"http:\/\/magnifique.nrw\/wp-content\/uploads\/2022\/10\/image2-146x300.jpeg 146w, http:\/\/magnifique.nrw\/wp-content\/uploads\/2022\/10\/image2-498x1024.jpeg 498w, http:\/\/magnifique.nrw\/wp-content\/uploads\/2022\/10\/image2.jpeg 688w\" sizes=\"auto, (max-width: 146px) 100vw, 146px\" \/> <img loading=\"lazy\" decoding=\"async\" class=\"alignleft size-medium wp-image-3809\" src=\"http:\/\/magnifique.nrw\/wp-content\/uploads\/2022\/10\/image3-300x146.jpeg\" alt=\"\" width=\"300\" height=\"146\" srcset=\"http:\/\/magnifique.nrw\/wp-content\/uploads\/2022\/10\/image3-300x146.jpeg 300w, http:\/\/magnifique.nrw\/wp-content\/uploads\/2022\/10\/image3-1024x498.jpeg 1024w, http:\/\/magnifique.nrw\/wp-content\/uploads\/2022\/10\/image3-768x373.jpeg 768w, http:\/\/magnifique.nrw\/wp-content\/uploads\/2022\/10\/image3.jpeg 1416w\" sizes=\"auto, (max-width: 300px) 100vw, 300px\" \/> <img loading=\"lazy\" decoding=\"async\" class=\"alignleft size-medium wp-image-3810\" src=\"http:\/\/magnifique.nrw\/wp-content\/uploads\/2022\/10\/image4-300x146.jpeg\" alt=\"\" width=\"300\" height=\"146\" srcset=\"http:\/\/magnifique.nrw\/wp-content\/uploads\/2022\/10\/image4-300x146.jpeg 300w, http:\/\/magnifique.nrw\/wp-content\/uploads\/2022\/10\/image4-1024x498.jpeg 1024w, http:\/\/magnifique.nrw\/wp-content\/uploads\/2022\/10\/image4-768x373.jpeg 768w, http:\/\/magnifique.nrw\/wp-content\/uploads\/2022\/10\/image4.jpeg 1416w\" sizes=\"auto, (max-width: 300px) 100vw, 300px\" \/><\/p>\n","protected":false},"excerpt":{"rendered":"<p>Alter:42 Jahre Geschlecht:weiblich Gr\u00f6\u00dfe:160 cm Oberweite:85 D Typ:osteurop\u00e4isch Konfektionsgr\u00f6\u00dfe:36 Intimbereich:total rasiert Haare:rot, r\u00fcckenlang, glatt Augen:blau-grau Haut:mittel Alle Angaben ohne Gew\u00e4hr Mein Service Verkehr GV Franz. Franz. bei Ihr Franz. beidseitig Service f\u00fcr Herren Service Schmusen, Kuscheln K\u00f6rperk\u00fcsse EL Mast. extra langes Vorspiel gekonnter Striptease Massagen erot. Massagen HE Intim-Massagen<\/p>\n","protected":false},"author":1,"featured_media":0,"parent":0,"menu_order":0,"comment_status":"closed","ping_status":"closed","template":"","meta":{"footnotes":""},"class_list":["post-3805","page","type-page","status-publish","hentry"],"yoast_head":"<!-- This site is optimized with the Yoast SEO plugin v25.5 - https:\/\/yoast.com\/wordpress\/plugins\/seo\/ -->\n<title>Milva - Magnifique<\/title>\n<meta name=\"robots\" content=\"index, follow, max-snippet:-1, max-image-preview:large, max-video-preview:-1\" \/>\n<link rel=\"canonical\" href=\"https:\/\/magnifique.nrw\/?page_id=3805\" \/>\n<meta property=\"og:locale\" content=\"de_DE\" \/>\n<meta property=\"og:type\" content=\"article\" \/>\n<meta property=\"og:title\" content=\"Milva - Magnifique\" \/>\n<meta property=\"og:description\" content=\"Alter:42 Jahre Geschlecht:weiblich Gr\u00f6\u00dfe:160 cm Oberweite:85 D Typ:osteurop\u00e4isch Konfektionsgr\u00f6\u00dfe:36 Intimbereich:total rasiert Haare:rot, r\u00fcckenlang, glatt Augen:blau-grau Haut:mittel Alle Angaben ohne Gew\u00e4hr Mein Service Verkehr GV Franz. Franz. bei Ihr Franz. beidseitig Service f\u00fcr Herren Service Schmusen, Kuscheln K\u00f6rperk\u00fcsse EL Mast. extra langes Vorspiel gekonnter Striptease Massagen erot. Massagen HE Intim-Massagen\" \/>\n<meta property=\"og:url\" content=\"https:\/\/magnifique.nrw\/?page_id=3805\" \/>\n<meta property=\"og:site_name\" content=\"Magnifique\" \/>\n<meta property=\"og:image\" content=\"http:\/\/magnifique.nrw\/wp-content\/uploads\/2022\/10\/image1-201x300.jpeg\" \/>\n<meta name=\"twitter:card\" content=\"summary_large_image\" \/>\n<script type=\"application\/ld+json\" class=\"yoast-schema-graph\">{\"@context\":\"https:\/\/schema.org\",\"@graph\":[{\"@type\":\"WebPage\",\"@id\":\"https:\/\/magnifique.nrw\/?page_id=3805\",\"url\":\"https:\/\/magnifique.nrw\/?page_id=3805\",\"name\":\"Milva - Magnifique\",\"isPartOf\":{\"@id\":\"https:\/\/magnifique.nrw\/#website\"},\"primaryImageOfPage\":{\"@id\":\"https:\/\/magnifique.nrw\/?page_id=3805#primaryimage\"},\"image\":{\"@id\":\"https:\/\/magnifique.nrw\/?page_id=3805#primaryimage\"},\"thumbnailUrl\":\"http:\/\/magnifique.nrw\/wp-content\/uploads\/2022\/10\/image1-201x300.jpeg\",\"datePublished\":\"2022-10-21T13:19:07+00:00\",\"breadcrumb\":{\"@id\":\"https:\/\/magnifique.nrw\/?page_id=3805#breadcrumb\"},\"inLanguage\":\"de\",\"potentialAction\":[{\"@type\":\"ReadAction\",\"target\":[\"https:\/\/magnifique.nrw\/?page_id=3805\"]}]},{\"@type\":\"ImageObject\",\"inLanguage\":\"de\",\"@id\":\"https:\/\/magnifique.nrw\/?page_id=3805#primaryimage\",\"url\":\"http:\/\/magnifique.nrw\/wp-content\/uploads\/2022\/10\/image1-201x300.jpeg\",\"contentUrl\":\"http:\/\/magnifique.nrw\/wp-content\/uploads\/2022\/10\/image1-201x300.jpeg\"},{\"@type\":\"BreadcrumbList\",\"@id\":\"https:\/\/magnifique.nrw\/?page_id=3805#breadcrumb\",\"itemListElement\":[{\"@type\":\"ListItem\",\"position\":1,\"name\":\"Startseite\",\"item\":\"https:\/\/magnifique.nrw\/\"},{\"@type\":\"ListItem\",\"position\":2,\"name\":\"Milva\"}]},{\"@type\":\"WebSite\",\"@id\":\"https:\/\/magnifique.nrw\/#website\",\"url\":\"https:\/\/magnifique.nrw\/\",\"name\":\"Magnifique\",\"description\":\"\",\"potentialAction\":[{\"@type\":\"SearchAction\",\"target\":{\"@type\":\"EntryPoint\",\"urlTemplate\":\"https:\/\/magnifique.nrw\/?s={search_term_string}\"},\"query-input\":{\"@type\":\"PropertyValueSpecification\",\"valueRequired\":true,\"valueName\":\"search_term_string\"}}],\"inLanguage\":\"de\"}]}<\/script>\n<!-- \/ Yoast SEO plugin. -->","yoast_head_json":{"title":"Milva - Magnifique","robots":{"index":"index","follow":"follow","max-snippet":"max-snippet:-1","max-image-preview":"max-image-preview:large","max-video-preview":"max-video-preview:-1"},"canonical":"https:\/\/magnifique.nrw\/?page_id=3805","og_locale":"de_DE","og_type":"article","og_title":"Milva - Magnifique","og_description":"Alter:42 Jahre Geschlecht:weiblich Gr\u00f6\u00dfe:160 cm Oberweite:85 D Typ:osteurop\u00e4isch Konfektionsgr\u00f6\u00dfe:36 Intimbereich:total rasiert Haare:rot, r\u00fcckenlang, glatt Augen:blau-grau Haut:mittel Alle Angaben ohne Gew\u00e4hr Mein Service Verkehr GV Franz. Franz. bei Ihr Franz. beidseitig Service f\u00fcr Herren Service Schmusen, Kuscheln K\u00f6rperk\u00fcsse EL Mast. extra langes Vorspiel gekonnter Striptease Massagen erot. Massagen HE Intim-Massagen","og_url":"https:\/\/magnifique.nrw\/?page_id=3805","og_site_name":"Magnifique","og_image":[{"url":"http:\/\/magnifique.nrw\/wp-content\/uploads\/2022\/10\/image1-201x300.jpeg","type":"","width":"","height":""}],"twitter_card":"summary_large_image","schema":{"@context":"https:\/\/schema.org","@graph":[{"@type":"WebPage","@id":"https:\/\/magnifique.nrw\/?page_id=3805","url":"https:\/\/magnifique.nrw\/?page_id=3805","name":"Milva - Magnifique","isPartOf":{"@id":"https:\/\/magnifique.nrw\/#website"},"primaryImageOfPage":{"@id":"https:\/\/magnifique.nrw\/?page_id=3805#primaryimage"},"image":{"@id":"https:\/\/magnifique.nrw\/?page_id=3805#primaryimage"},"thumbnailUrl":"http:\/\/magnifique.nrw\/wp-content\/uploads\/2022\/10\/image1-201x300.jpeg","datePublished":"2022-10-21T13:19:07+00:00","breadcrumb":{"@id":"https:\/\/magnifique.nrw\/?page_id=3805#breadcrumb"},"inLanguage":"de","potentialAction":[{"@type":"ReadAction","target":["https:\/\/magnifique.nrw\/?page_id=3805"]}]},{"@type":"ImageObject","inLanguage":"de","@id":"https:\/\/magnifique.nrw\/?page_id=3805#primaryimage","url":"http:\/\/magnifique.nrw\/wp-content\/uploads\/2022\/10\/image1-201x300.jpeg","contentUrl":"http:\/\/magnifique.nrw\/wp-content\/uploads\/2022\/10\/image1-201x300.jpeg"},{"@type":"BreadcrumbList","@id":"https:\/\/magnifique.nrw\/?page_id=3805#breadcrumb","itemListElement":[{"@type":"ListItem","position":1,"name":"Startseite","item":"https:\/\/magnifique.nrw\/"},{"@type":"ListItem","position":2,"name":"Milva"}]},{"@type":"WebSite","@id":"https:\/\/magnifique.nrw\/#website","url":"https:\/\/magnifique.nrw\/","name":"Magnifique","description":"","potentialAction":[{"@type":"SearchAction","target":{"@type":"EntryPoint","urlTemplate":"https:\/\/magnifique.nrw\/?s={search_term_string}"},"query-input":{"@type":"PropertyValueSpecification","valueRequired":true,"valueName":"search_term_string"}}],"inLanguage":"de"}]}},"_links":{"self":[{"href":"http:\/\/magnifique.nrw\/index.php?rest_route=\/wp\/v2\/pages\/3805","targetHints":{"allow":["GET"]}}],"collection":[{"href":"http:\/\/magnifique.nrw\/index.php?rest_route=\/wp\/v2\/pages"}],"about":[{"href":"http:\/\/magnifique.nrw\/index.php?rest_route=\/wp\/v2\/types\/page"}],"author":[{"embeddable":true,"href":"http:\/\/magnifique.nrw\/index.php?rest_route=\/wp\/v2\/users\/1"}],"replies":[{"embeddable":true,"href":"http:\/\/magnifique.nrw\/index.php?rest_route=%2Fwp%2Fv2%2Fcomments&post=3805"}],"version-history":[{"count":1,"href":"http:\/\/magnifique.nrw\/index.php?rest_route=\/wp\/v2\/pages\/3805\/revisions"}],"predecessor-version":[{"id":3862,"href":"http:\/\/magnifique.nrw\/index.php?rest_route=\/wp\/v2\/pages\/3805\/revisions\/3862"}],"wp:attachment":[{"href":"http:\/\/magnifique.nrw\/index.php?rest_route=%2Fwp%2Fv2%2Fmedia&parent=3805"}],"curies":[{"name":"wp","href":"https:\/\/api.w.org\/{rel}","templated":true}]}}