{"id":3710,"date":"2022-08-05T19:56:00","date_gmt":"2022-08-05T17:56:00","guid":{"rendered":"http:\/\/magnifique.nrw\/?page_id=3710"},"modified":"2022-08-15T13:55:39","modified_gmt":"2022-08-15T11:55:39","slug":"helena-2","status":"publish","type":"page","link":"http:\/\/magnifique.nrw\/?page_id=3710","title":{"rendered":"Helena"},"content":{"rendered":"<div>Alter 28 Jahre<\/div>\n<div>Geschlecht weiblich<\/div>\n<div>Gro\u00dfe 165 cm<\/div>\n<div>Oberweite 85 B<\/div>\n<div>Typ Osteurop\u00e4isch<\/div>\n<div>Konfektionsgr\u00f6\u00dfe 36<\/div>\n<div>Gewicht 55 kg<\/div>\n<div>Intimbereich total rasiert<\/div>\n<div>Haare blond R\u00fcckenlang,glatt<\/div>\n<div>Haut mittel<\/div>\n<div>\n<div><\/div>\n<div><strong>Service<\/strong><\/div>\n<div><\/div>\n<div>\n<p>&nbsp;<\/p>\n<p>GV<br \/>\nFranz.<br \/>\nFranz. bei Ihr<br \/>\nFranz. beidseitig<br \/>\nGF6<br \/>\n<span style=\"font-size: 1em;\">Verkehr<br \/>\n<\/span><span style=\"font-size: 1em;\">Service f\u00fcr<br \/>\n<\/span><span style=\"font-size: 1em;\">Herren<br \/>\n<\/span><span style=\"font-size: 1em;\">Service<br \/>\n<\/span><span style=\"font-size: 1em;\">ZK<br \/>\n<\/span><span style=\"font-size: 1em;\">Schmusen, Kuscheln<br \/>\n<\/span><span style=\"font-size: 1em;\">K\u00f6rperk\u00fcsse<br \/>\n<\/span><span style=\"font-size: 1em;\">AV bei Ihm<br \/>\n<\/span><span style=\"font-size: 1em;\">DS aktiv<br \/>\n<\/span><span style=\"font-size: 1em;\">DS passiv<br \/>\n<\/span><span style=\"font-size: 1em;\">ZA passiv<br \/>\n<\/span><span style=\"font-size: 1em;\">Fingerspiele passiv<br \/>\n<\/span><span style=\"font-size: 1em;\">EL<br \/>\n<\/span><span style=\"font-size: 1em;\">Mast.<br \/>\n<\/span><span style=\"font-size: 1em;\">Badeservice<br \/>\n<\/span><span style=\"font-size: 1em;\">Duschservice<br \/>\n<\/span><span style=\"font-size: 1em;\">extra langes Vorspiel<br \/>\n<\/span><span style=\"font-size: 1em;\">Fu\u00df- \/ Schuherotik<br \/>\n<\/span><span style=\"font-size: 1em;\">Verbalerotik<br \/>\n<\/span><span style=\"font-size: 1em;\">Massagen<br \/>\n<\/span><span style=\"font-size: 1em;\">erot. Massagen<br \/>\n<\/span><span style=\"font-size: 1em;\">HE<br \/>\n<\/span><span style=\"font-size: 1em;\">Body-to-Body-Massage<br \/>\n<\/span><span style=\"font-size: 1em;\">Ganzk\u00f6rpermassage<br \/>\n<\/span><span style=\"font-size: 1em;\">Intim-Massagen<br \/>\n<\/span><span style=\"font-size: 1em;\">\u00d6l-Massage<br \/>\n<\/span><span style=\"font-size: 1em;\">Pr*stata-Massage<br \/>\n<\/span><span style=\"font-size: 1em;\">Po-Massage<br \/>\n<\/span><span style=\"font-size: 1em;\">Fetisch \/ Softbizarr<br \/>\n<\/span><span style=\"font-size: 1em;\">Dom. Biz.-Spielchen<br \/>\n<\/span><span style=\"font-size: 1em;\">Fetisch-Spielchen<br \/>\n<\/span><span style=\"font-size: 1em;\">FS<br \/>\n<\/span><span style=\"font-size: 1em;\">leichte Erz.<br \/>\n<\/span><span style=\"font-size: 1em;\">sanfte Schl.<br \/>\n<\/span><span style=\"font-size: 1em;\">NS aktiv<\/span><\/p>\n<\/div>\n<p><img loading=\"lazy\" decoding=\"async\" class=\"alignleft size-medium wp-image-3744\" src=\"http:\/\/magnifique.nrw\/wp-content\/uploads\/2022\/08\/52dae8bc-644d-42bd-96fe-8dcd32df6ce3-200x300.jpg\" alt=\"\" width=\"200\" height=\"300\" srcset=\"http:\/\/magnifique.nrw\/wp-content\/uploads\/2022\/08\/52dae8bc-644d-42bd-96fe-8dcd32df6ce3-200x300.jpg 200w, http:\/\/magnifique.nrw\/wp-content\/uploads\/2022\/08\/52dae8bc-644d-42bd-96fe-8dcd32df6ce3.jpg 665w\" sizes=\"auto, (max-width: 200px) 100vw, 200px\" \/> <img loading=\"lazy\" decoding=\"async\" class=\"alignleft size-medium wp-image-3745\" src=\"http:\/\/magnifique.nrw\/wp-content\/uploads\/2022\/08\/90bcc646-8930-4105-a3b1-1048ffbb43e7-300x200.jpg\" alt=\"\" width=\"300\" height=\"200\" srcset=\"http:\/\/magnifique.nrw\/wp-content\/uploads\/2022\/08\/90bcc646-8930-4105-a3b1-1048ffbb43e7-300x200.jpg 300w, http:\/\/magnifique.nrw\/wp-content\/uploads\/2022\/08\/90bcc646-8930-4105-a3b1-1048ffbb43e7-768x511.jpg 768w, http:\/\/magnifique.nrw\/wp-content\/uploads\/2022\/08\/90bcc646-8930-4105-a3b1-1048ffbb43e7.jpg 1000w\" sizes=\"auto, (max-width: 300px) 100vw, 300px\" \/> <img loading=\"lazy\" decoding=\"async\" class=\"alignleft size-medium wp-image-3746\" src=\"http:\/\/magnifique.nrw\/wp-content\/uploads\/2022\/08\/0097f9da-fd6b-4a89-b024-db3d10f61d63-200x300.jpg\" alt=\"\" width=\"200\" height=\"300\" srcset=\"http:\/\/magnifique.nrw\/wp-content\/uploads\/2022\/08\/0097f9da-fd6b-4a89-b024-db3d10f61d63-200x300.jpg 200w, http:\/\/magnifique.nrw\/wp-content\/uploads\/2022\/08\/0097f9da-fd6b-4a89-b024-db3d10f61d63.jpg 665w\" sizes=\"auto, (max-width: 200px) 100vw, 200px\" \/> <img loading=\"lazy\" decoding=\"async\" class=\"alignleft size-medium wp-image-3747\" src=\"http:\/\/magnifique.nrw\/wp-content\/uploads\/2022\/08\/836abfba-aee6-40fc-80c7-ce84ac56c1b4-200x300.jpg\" alt=\"\" width=\"200\" height=\"300\" srcset=\"http:\/\/magnifique.nrw\/wp-content\/uploads\/2022\/08\/836abfba-aee6-40fc-80c7-ce84ac56c1b4-200x300.jpg 200w, http:\/\/magnifique.nrw\/wp-content\/uploads\/2022\/08\/836abfba-aee6-40fc-80c7-ce84ac56c1b4.jpg 665w\" sizes=\"auto, (max-width: 200px) 100vw, 200px\" \/> <img loading=\"lazy\" decoding=\"async\" class=\"alignleft size-medium wp-image-3748\" src=\"http:\/\/magnifique.nrw\/wp-content\/uploads\/2022\/08\/b9fb8d1d-cf3e-4589-8862-0c772c7b4567-200x300.jpg\" alt=\"\" width=\"200\" height=\"300\" srcset=\"http:\/\/magnifique.nrw\/wp-content\/uploads\/2022\/08\/b9fb8d1d-cf3e-4589-8862-0c772c7b4567-200x300.jpg 200w, http:\/\/magnifique.nrw\/wp-content\/uploads\/2022\/08\/b9fb8d1d-cf3e-4589-8862-0c772c7b4567.jpg 665w\" sizes=\"auto, (max-width: 200px) 100vw, 200px\" \/><\/p>\n<\/div>\n","protected":false},"excerpt":{"rendered":"<p>Alter 28 Jahre Geschlecht weiblich Gro\u00dfe 165 cm Oberweite 85 B Typ Osteurop\u00e4isch Konfektionsgr\u00f6\u00dfe 36 Gewicht 55 kg Intimbereich total rasiert Haare blond R\u00fcckenlang,glatt Haut mittel Service &nbsp; GV Franz. Franz. bei Ihr Franz. beidseitig GF6 Verkehr Service f\u00fcr Herren Service ZK Schmusen, Kuscheln K\u00f6rperk\u00fcsse AV bei Ihm DS aktiv DS passiv ZA passiv Fingerspiele [&hellip;]<\/p>\n","protected":false},"author":1,"featured_media":0,"parent":0,"menu_order":0,"comment_status":"closed","ping_status":"closed","template":"","meta":{"footnotes":""},"class_list":["post-3710","page","type-page","status-publish","hentry"],"yoast_head":"<!-- This site is optimized with the Yoast SEO plugin v25.5 - https:\/\/yoast.com\/wordpress\/plugins\/seo\/ -->\n<title>Helena - Magnifique<\/title>\n<meta name=\"robots\" content=\"index, follow, max-snippet:-1, max-image-preview:large, max-video-preview:-1\" \/>\n<link rel=\"canonical\" href=\"https:\/\/magnifique.nrw\/?page_id=3710\" \/>\n<meta property=\"og:locale\" content=\"de_DE\" \/>\n<meta property=\"og:type\" content=\"article\" \/>\n<meta property=\"og:title\" content=\"Helena - Magnifique\" \/>\n<meta property=\"og:description\" content=\"Alter 28 Jahre Geschlecht weiblich Gro\u00dfe 165 cm Oberweite 85 B Typ Osteurop\u00e4isch Konfektionsgr\u00f6\u00dfe 36 Gewicht 55 kg Intimbereich total rasiert Haare blond R\u00fcckenlang,glatt Haut mittel Service &nbsp; GV Franz. Franz. bei Ihr Franz. beidseitig GF6 Verkehr Service f\u00fcr Herren Service ZK Schmusen, Kuscheln K\u00f6rperk\u00fcsse AV bei Ihm DS aktiv DS passiv ZA passiv Fingerspiele [&hellip;]\" \/>\n<meta property=\"og:url\" content=\"https:\/\/magnifique.nrw\/?page_id=3710\" \/>\n<meta property=\"og:site_name\" content=\"Magnifique\" \/>\n<meta property=\"article:modified_time\" content=\"2022-08-15T11:55:39+00:00\" \/>\n<meta property=\"og:image\" content=\"http:\/\/magnifique.nrw\/wp-content\/uploads\/2022\/08\/52dae8bc-644d-42bd-96fe-8dcd32df6ce3-200x300.jpg\" \/>\n<meta name=\"twitter:card\" content=\"summary_large_image\" \/>\n<script type=\"application\/ld+json\" class=\"yoast-schema-graph\">{\"@context\":\"https:\/\/schema.org\",\"@graph\":[{\"@type\":\"WebPage\",\"@id\":\"https:\/\/magnifique.nrw\/?page_id=3710\",\"url\":\"https:\/\/magnifique.nrw\/?page_id=3710\",\"name\":\"Helena - Magnifique\",\"isPartOf\":{\"@id\":\"http:\/\/magnifique.nrw\/#website\"},\"primaryImageOfPage\":{\"@id\":\"https:\/\/magnifique.nrw\/?page_id=3710#primaryimage\"},\"image\":{\"@id\":\"https:\/\/magnifique.nrw\/?page_id=3710#primaryimage\"},\"thumbnailUrl\":\"http:\/\/magnifique.nrw\/wp-content\/uploads\/2022\/08\/52dae8bc-644d-42bd-96fe-8dcd32df6ce3-200x300.jpg\",\"datePublished\":\"2022-08-05T17:56:00+00:00\",\"dateModified\":\"2022-08-15T11:55:39+00:00\",\"breadcrumb\":{\"@id\":\"https:\/\/magnifique.nrw\/?page_id=3710#breadcrumb\"},\"inLanguage\":\"de\",\"potentialAction\":[{\"@type\":\"ReadAction\",\"target\":[\"https:\/\/magnifique.nrw\/?page_id=3710\"]}]},{\"@type\":\"ImageObject\",\"inLanguage\":\"de\",\"@id\":\"https:\/\/magnifique.nrw\/?page_id=3710#primaryimage\",\"url\":\"http:\/\/magnifique.nrw\/wp-content\/uploads\/2022\/08\/52dae8bc-644d-42bd-96fe-8dcd32df6ce3-200x300.jpg\",\"contentUrl\":\"http:\/\/magnifique.nrw\/wp-content\/uploads\/2022\/08\/52dae8bc-644d-42bd-96fe-8dcd32df6ce3-200x300.jpg\"},{\"@type\":\"BreadcrumbList\",\"@id\":\"https:\/\/magnifique.nrw\/?page_id=3710#breadcrumb\",\"itemListElement\":[{\"@type\":\"ListItem\",\"position\":1,\"name\":\"Startseite\",\"item\":\"http:\/\/magnifique.nrw\/\"},{\"@type\":\"ListItem\",\"position\":2,\"name\":\"Helena\"}]},{\"@type\":\"WebSite\",\"@id\":\"http:\/\/magnifique.nrw\/#website\",\"url\":\"http:\/\/magnifique.nrw\/\",\"name\":\"Magnifique\",\"description\":\"\",\"potentialAction\":[{\"@type\":\"SearchAction\",\"target\":{\"@type\":\"EntryPoint\",\"urlTemplate\":\"http:\/\/magnifique.nrw\/?s={search_term_string}\"},\"query-input\":{\"@type\":\"PropertyValueSpecification\",\"valueRequired\":true,\"valueName\":\"search_term_string\"}}],\"inLanguage\":\"de\"}]}<\/script>\n<!-- \/ Yoast SEO plugin. -->","yoast_head_json":{"title":"Helena - Magnifique","robots":{"index":"index","follow":"follow","max-snippet":"max-snippet:-1","max-image-preview":"max-image-preview:large","max-video-preview":"max-video-preview:-1"},"canonical":"https:\/\/magnifique.nrw\/?page_id=3710","og_locale":"de_DE","og_type":"article","og_title":"Helena - Magnifique","og_description":"Alter 28 Jahre Geschlecht weiblich Gro\u00dfe 165 cm Oberweite 85 B Typ Osteurop\u00e4isch Konfektionsgr\u00f6\u00dfe 36 Gewicht 55 kg Intimbereich total rasiert Haare blond R\u00fcckenlang,glatt Haut mittel Service &nbsp; GV Franz. Franz. bei Ihr Franz. beidseitig GF6 Verkehr Service f\u00fcr Herren Service ZK Schmusen, Kuscheln K\u00f6rperk\u00fcsse AV bei Ihm DS aktiv DS passiv ZA passiv Fingerspiele [&hellip;]","og_url":"https:\/\/magnifique.nrw\/?page_id=3710","og_site_name":"Magnifique","article_modified_time":"2022-08-15T11:55:39+00:00","og_image":[{"url":"http:\/\/magnifique.nrw\/wp-content\/uploads\/2022\/08\/52dae8bc-644d-42bd-96fe-8dcd32df6ce3-200x300.jpg","type":"","width":"","height":""}],"twitter_card":"summary_large_image","schema":{"@context":"https:\/\/schema.org","@graph":[{"@type":"WebPage","@id":"https:\/\/magnifique.nrw\/?page_id=3710","url":"https:\/\/magnifique.nrw\/?page_id=3710","name":"Helena - Magnifique","isPartOf":{"@id":"http:\/\/magnifique.nrw\/#website"},"primaryImageOfPage":{"@id":"https:\/\/magnifique.nrw\/?page_id=3710#primaryimage"},"image":{"@id":"https:\/\/magnifique.nrw\/?page_id=3710#primaryimage"},"thumbnailUrl":"http:\/\/magnifique.nrw\/wp-content\/uploads\/2022\/08\/52dae8bc-644d-42bd-96fe-8dcd32df6ce3-200x300.jpg","datePublished":"2022-08-05T17:56:00+00:00","dateModified":"2022-08-15T11:55:39+00:00","breadcrumb":{"@id":"https:\/\/magnifique.nrw\/?page_id=3710#breadcrumb"},"inLanguage":"de","potentialAction":[{"@type":"ReadAction","target":["https:\/\/magnifique.nrw\/?page_id=3710"]}]},{"@type":"ImageObject","inLanguage":"de","@id":"https:\/\/magnifique.nrw\/?page_id=3710#primaryimage","url":"http:\/\/magnifique.nrw\/wp-content\/uploads\/2022\/08\/52dae8bc-644d-42bd-96fe-8dcd32df6ce3-200x300.jpg","contentUrl":"http:\/\/magnifique.nrw\/wp-content\/uploads\/2022\/08\/52dae8bc-644d-42bd-96fe-8dcd32df6ce3-200x300.jpg"},{"@type":"BreadcrumbList","@id":"https:\/\/magnifique.nrw\/?page_id=3710#breadcrumb","itemListElement":[{"@type":"ListItem","position":1,"name":"Startseite","item":"http:\/\/magnifique.nrw\/"},{"@type":"ListItem","position":2,"name":"Helena"}]},{"@type":"WebSite","@id":"http:\/\/magnifique.nrw\/#website","url":"http:\/\/magnifique.nrw\/","name":"Magnifique","description":"","potentialAction":[{"@type":"SearchAction","target":{"@type":"EntryPoint","urlTemplate":"http:\/\/magnifique.nrw\/?s={search_term_string}"},"query-input":{"@type":"PropertyValueSpecification","valueRequired":true,"valueName":"search_term_string"}}],"inLanguage":"de"}]}},"_links":{"self":[{"href":"http:\/\/magnifique.nrw\/index.php?rest_route=\/wp\/v2\/pages\/3710","targetHints":{"allow":["GET"]}}],"collection":[{"href":"http:\/\/magnifique.nrw\/index.php?rest_route=\/wp\/v2\/pages"}],"about":[{"href":"http:\/\/magnifique.nrw\/index.php?rest_route=\/wp\/v2\/types\/page"}],"author":[{"embeddable":true,"href":"http:\/\/magnifique.nrw\/index.php?rest_route=\/wp\/v2\/users\/1"}],"replies":[{"embeddable":true,"href":"http:\/\/magnifique.nrw\/index.php?rest_route=%2Fwp%2Fv2%2Fcomments&post=3710"}],"version-history":[{"count":3,"href":"http:\/\/magnifique.nrw\/index.php?rest_route=\/wp\/v2\/pages\/3710\/revisions"}],"predecessor-version":[{"id":3749,"href":"http:\/\/magnifique.nrw\/index.php?rest_route=\/wp\/v2\/pages\/3710\/revisions\/3749"}],"wp:attachment":[{"href":"http:\/\/magnifique.nrw\/index.php?rest_route=%2Fwp%2Fv2%2Fmedia&parent=3710"}],"curies":[{"name":"wp","href":"https:\/\/api.w.org\/{rel}","templated":true}]}}